{"id":12106,"date":"2021-04-30T05:08:58","date_gmt":"2021-04-30T05:08:58","guid":{"rendered":"https:\/\/w3-messe-wpml.npm13.net\/newsletter\/"},"modified":"2025-08-16T16:03:31","modified_gmt":"2025-08-16T16:03:31","slug":"newsletter","status":"publish","type":"page","link":"https:\/\/w3-fair.com\/en\/newsletter\/","title":{"rendered":"Newsletter"},"content":{"rendered":"\t\t<div data-elementor-type=\"wp-page\" data-elementor-id=\"12106\" class=\"elementor elementor-12106 elementor-490\" data-elementor-post-type=\"page\">\n\t\t\t\t<div class=\"elementor-element elementor-element-5fbbb58 subpage-top e-flex e-con-boxed e-con e-parent\" data-id=\"5fbbb58\" data-element_type=\"container\" data-e-type=\"container\" data-settings=\"{&quot;background_background&quot;:&quot;classic&quot;}\">\n\t\t\t\t\t<div class=\"e-con-inner\">\n\t\t<div class=\"elementor-element elementor-element-06221a6 e-con-full e-flex e-con e-child\" data-id=\"06221a6\" data-element_type=\"container\" data-e-type=\"container\">\n\t\t\t\t<div class=\"elementor-element elementor-element-a2c30c1 elementor-widget__width-auto elementor-widget elementor-widget-heading\" data-id=\"a2c30c1\" data-element_type=\"widget\" data-e-type=\"widget\" data-widget_type=\"heading.default\">\n\t\t\t\t<div class=\"elementor-widget-container\">\n\t\t\t\t\t<h1 class=\"elementor-heading-title elementor-size-default\">W3+ Fair newsletter<\/h1>\t\t\t\t<\/div>\n\t\t\t\t<\/div>\n\t\t\t\t<\/div>\n\t\t\t\t\t<\/div>\n\t\t\t\t<\/div>\n\t\t<div class=\"elementor-element elementor-element-403546d e-con-full e-flex e-con e-parent\" data-id=\"403546d\" data-element_type=\"container\" data-e-type=\"container\">\n\t\t<div class=\"elementor-element elementor-element-70a8d0c e-con-full e-flex e-con e-child\" data-id=\"70a8d0c\" data-element_type=\"container\" data-e-type=\"container\">\n\t\t\t\t<div class=\"elementor-element elementor-element-db2dc3d elementor-widget elementor-widget-template\" data-id=\"db2dc3d\" data-element_type=\"widget\" data-e-type=\"widget\" data-widget_type=\"template.default\">\n\t\t\t\t<div class=\"elementor-widget-container\">\n\t\t\t\t\t\t\t<div class=\"elementor-template\">\n\t\t\t\t\t<div data-elementor-type=\"container\" data-elementor-id=\"50683\" class=\"elementor elementor-50683 elementor-50680 elementor-50680\" data-elementor-post-type=\"elementor_library\">\n\t\t\t\t<div class=\"elementor-element elementor-element-7e5355e e-con-full e-flex e-con e-parent\" data-id=\"7e5355e\" data-element_type=\"container\" data-e-type=\"container\" id=\"newsletter-banner-container\" data-settings=\"{&quot;background_background&quot;:&quot;classic&quot;}\">\n\t\t\t\t<div class=\"elementor-element elementor-element-084746a elementor-widget elementor-widget-html\" data-id=\"084746a\" data-element_type=\"widget\" data-e-type=\"widget\" data-widget_type=\"html.default\">\n\t\t\t\t<div class=\"elementor-widget-container\">\n\t\t\t\t\t<!-- Begin Brevo Form --> <!-- START - We recommend to place the below code in head tag of your website html --> <style><\/style> <link rel=\"stylesheet\" href=\"https:\/\/sibforms.com\/forms\/end-form\/build\/sib-styles.css\"> <!-- END - We recommend to place the above code in head tag of your website html --><!-- START - We recommend to place the below code where you want the form in your website html --> <div class=\"sib-form\" style=\"text-align: center; background-color: transparent; \"> <div id=\"sib-form-container\" class=\"sib-form-container\"> <div id=\"error-message\" class=\"sib-form-message-panel\" style=\"font-size:16px; text-align:left; font-family:Helvetica, sans-serif; color:#661d1d; background-color:#ffeded; border-radius:3px; border-color:#ff4949;max-width:540px;\"> <div class=\"sib-form-message-panel__text sib-form-message-panel__text--center\"> <svg viewBox=\"0 0 512 512\" class=\"sib-icon sib-notification__icon\"> <path d=\"M256 40c118.621 0 216 96.075 216 216 0 119.291-96.61 216-216 216-119.244 0-216-96.562-216-216 0-119.203 96.602-216 216-216m0-32C119.043 8 8 119.083 8 256c0 136.997 111.043 248 248 248s248-111.003 248-248C504 119.083 392.957 8 256 8zm-11.49 120h22.979c6.823 0 12.274 5.682 11.99 12.5l-7 168c-.268 6.428-5.556 11.5-11.99 11.5h-8.979c-6.433 0-11.722-5.073-11.99-11.5l-7-168c-.283-6.818 5.167-12.5 11.99-12.5zM256 340c-15.464 0-28 12.536-28 28s12.536 28 28 28 28-12.536 28-28-12.536-28-28-28z\" \/> <\/svg> <span class=\"sib-form-message-panel__inner-text\"> Your registration could not be saved. Please try again. <\/span> <\/div> <\/div> <div><\/div> <div id=\"success-message\" class=\"sib-form-message-panel\" style=\"font-size:16px; text-align:left; font-family:Helvetica, sans-serif; color:#085229; background-color:#e7faf0; border-radius:3px; border-color:#13ce66;max-width:540px;\"> <div class=\"sib-form-message-panel__text sib-form-message-panel__text--center\"> <svg viewBox=\"0 0 512 512\" class=\"sib-icon sib-notification__icon\"> <path d=\"M256 8C119.033 8 8 119.033 8 256s111.033 248 248 248 248-111.033 248-248S392.967 8 256 8zm0 464c-118.664 0-216-96.055-216-216 0-118.663 96.055-216 216-216 118.664 0 216 96.055 216 216 0 118.663-96.055 216-216 216zm141.63-274.961L217.15 376.071c-4.705 4.667-12.303 4.637-16.97-.068l-85.878-86.572c-4.667-4.705-4.637-12.303.068-16.97l8.52-8.451c4.705-4.667 12.303-4.637 16.97.068l68.976 69.533 163.441-162.13c4.705-4.667 12.303-4.637 16.97.068l8.451 8.52c4.668 4.705 4.637 12.303-.068 16.97z\" \/> <\/svg> <span class=\"sib-form-message-panel__inner-text\"> The registration for the W3+ Fair Newsletter was successful. <\/span> <\/div> <\/div> <div><\/div> <div id=\"sib-container\" class=\"sib-container--large sib-container--vertical\" style=\"text-align:center; max-width:540px; border-radius:3px; border-width:0px; border-color:#C0CCD9; border-style:solid;background-color:transparent;direction:ltr\"> <form id=\"sib-form\" method=\"POST\" action=\"https:\/\/34eb344a.sibforms.com\/serve\/MUIFADrklMMmucwVvKg9c-Gf4xTei4b0cgTkcEgP9LB-3DPw6llDJ9HSgA4S44zvOJwZ3YHpGpanr4NnECLnucvgyePpLMon-3vHSzP0i8FOLheAwsFPy3mDiHGtELz8Dg3nSySfroqteJOOVGf_tB0H0IrB23qcMY9v6OCt2fRQQk2-YoLlhTlT7xRvvSCWXGmEexhmK5RhP3LH\" data-type=\"subscription\"> <div style=\"padding: 8px 0;\"> <div class=\"sib-form-block\" style=\"font-size:32px; text-align:left; font-weight:700; font-family:Helvetica, sans-serif; color:#f7f7f7; background-color:transparent; text-align:left\"> <p>Newsletter<\/p> <\/div> <\/div> <div style=\"padding: 8px 0;\"> <div class=\"sib-form-block\" style=\"font-size:16px; text-align:left; font-family:Helvetica, sans-serif; color:#ffffff; background-color:transparent; text-align:left\"> <div class=\"sib-text-form-block\"> <p>Subscribe to our W3+ Fair newsletter to stay up to date.<\/p> <\/div> <\/div> <\/div> <div style=\"padding: 8px 0;\"> <div class=\"sib-input sib-form-block\"> <div class=\"form__entry entry_block\"> <div class=\"form__label-row \"> <label class=\"entry__label\" style=\"font-weight: 700; text-align:left; font-size:16px; text-align:left; font-weight:700; font-family:Helvetica, sans-serif; color:#ffffff;\" for=\"VORNAME\" data-required=\"*\">First name<\/label> <div class=\"entry__field\"> <input class=\"input \" maxlength=\"200\" type=\"text\" id=\"VORNAME\" name=\"VORNAME\" autocomplete=\"off\" placeholder=\"First name\" data-required=\"true\" required \/> <\/div> <\/div> <label class=\"entry__error entry__error--primary\" style=\"font-size:16px; text-align:left; font-family:Helvetica, sans-serif; color:#661d1d; background-color:#ffeded; border-radius:3px; border-color:#ff4949;\"> <\/label> <\/div> <\/div> <\/div> <div style=\"padding: 8px 0;\"> <div class=\"sib-input sib-form-block\"> <div class=\"form__entry entry_block\"> <div class=\"form__label-row \"> <label class=\"entry__label\" style=\"font-weight: 700; text-align:left; font-size:16px; text-align:left; font-weight:700; font-family:Helvetica, sans-serif; color:#ffffff;\" for=\"NACHNAME\" data-required=\"*\">Last name<\/label> <div class=\"entry__field\"> <input class=\"input \" maxlength=\"200\" type=\"text\" id=\"NACHNAME\" name=\"NACHNAME\" autocomplete=\"off\" placeholder=\"Last name\" data-required=\"true\" required \/> <\/div> <\/div> <label class=\"entry__error entry__error--primary\" style=\"font-size:16px; text-align:left; font-family:Helvetica, sans-serif; color:#661d1d; background-color:#ffeded; border-radius:3px; border-color:#ff4949;\"> <\/label> <\/div> <\/div> <\/div> <div style=\"padding: 8px 0;\"> <div class=\"sib-input sib-form-block\"> <div class=\"form__entry entry_block\"> <div class=\"form__label-row \"> <label class=\"entry__label\" style=\"font-weight: 700; text-align:left; font-size:16px; text-align:left; font-weight:700; font-family:Helvetica, sans-serif; color:#ffffff;\" for=\"EMAIL\" data-required=\"*\">E-Mail<\/label> <div class=\"entry__field\"> <input class=\"input \" type=\"text\" id=\"EMAIL\" name=\"EMAIL\" autocomplete=\"off\" placeholder=\"EMAIL\" data-required=\"true\" required \/> <\/div> <\/div> <label class=\"entry__error entry__error--primary\" style=\"font-size:16px; text-align:left; font-family:Helvetica, sans-serif; color:#661d1d; background-color:#ffeded; border-radius:3px; border-color:#ff4949;\"> <\/label> <\/div> <\/div> <\/div> <div style=\"padding: 8px 0;\"> <div class=\"g-recaptcha-v3\" data-sitekey=\"6Ld06WsrAAAAAKnpSkAKnLlcmBrRyheiIFaW6kL4\" style=\"display: none\"><\/div> <\/div> <div style=\"padding: 8px 0;\"> <div class=\"sib-form-block\" style=\"font-size:12px; text-align:left; font-family:Helvetica, sans-serif; color:#ffffff; background-color:transparent; text-align:left\"> <div class=\"sib-text-form-block\"> <p>You can unsubscribe from the newsletter at any time using the unsubscribe link in our newsletter.<\/p> <\/div> <\/div> <\/div> <div style=\"padding: 8px 0;\"> <div class=\"sib-optin sib-form-block\" data-required=\"true\"> <div class=\"form__entry entry_mcq\"> <div class=\"form__label-row \"> <div class=\"entry__choice\" style=\"\"> <label> <input type=\"checkbox\" class=\"input_replaced\" value=\"1\" id=\"OPT_IN\" name=\"OPT_IN\" required \/> <span class=\"checkbox checkbox_tick_positive\" style=\"margin-left:\" ><\/span><span style=\"font-size:14px; text-align:left; font-family:Helvetica, sans-serif; color:#ffffff; background-color:transparent;\"><p>I would like to receive the W3+ Fair newsletter and accept the privacy policy.<\/p><span data-required=\"*\" style=\"display: inline;\" class=\"entry__label entry__label_optin\"><\/span><\/span> <\/label> <\/div> <\/div> <label class=\"entry__error entry__error--primary\" style=\"font-size:16px; text-align:left; font-family:Helvetica, sans-serif; color:#661d1d; background-color:#ffeded; border-radius:3px; border-color:#ff4949;\"> <\/label> <\/div> <\/div> <\/div> <div style=\"padding: 8px 0;\"> <div class=\"sib-form-block\" style=\"text-align: left\"> <button class=\"btn sib-form-block__button-with-loader\" form=\"sib-form\" type=\"submit\">REGISTER<\/button> <\/div> <\/div> <input type=\"text\" name=\"email_address_check\" value=\"\" class=\"input--hidden\"> <input type=\"hidden\" name=\"locale\" value=\"de\"> <\/form> <\/div> <\/div> <\/div> <!-- END - We recommend to place the above code where you want the form in your website html --><!-- START - We recommend to place the below code in footer or bottom of your website html --> <script> window.REQUIRED_CODE_ERROR_MESSAGE = 'Please select a country code.'; window.LOCALE = 'de'; window.EMAIL_INVALID_MESSAGE = window.SMS_INVALID_MESSAGE = \"The information you entered is not valid. Please check the field format and try again.\"; window.REQUIRED_ERROR_MESSAGE = \"This field must not be empty. \"; window.GENERIC_INVALID_MESSAGE = \"The information you entered is not valid. Please check the field format and try again.\"; window.translation = { common: { selectedList: '{quantity} Liste ausgew\u00e4hlt', selectedLists: '{quantity} Listen ausgew\u00e4hlt', selectedOption: '{quantity} ausgew\u00e4hlt', selectedOptions: '{quantity} ausgew\u00e4hlt', } }; var AUTOHIDE = Boolean(1); <\/script> <script defer src=\"https:\/\/sibforms.com\/forms\/end-form\/build\/main.js\"><\/script> <script src=\"https:\/\/www.google.com\/recaptcha\/api.js?render=6Ld06WsrAAAAAKnpSkAKnLlcmBrRyheiIFaW6kL4&hl=de\" async defer><\/script> <!-- END - We recommend to place the above code in footer or bottom of your website html --><!-- End Brevo Form -->\t\t\t\t<\/div>\n\t\t\t\t<\/div>\n\t\t\t\t<\/div>\n\t\t\t\t<\/div>\n\t\t\t\t<\/div>\n\t\t\t\t\t\t<\/div>\n\t\t\t\t<\/div>\n\t\t\t\t<\/div>\n\t\t\t\t<\/div>\n\t\t\t\t<\/div>\n\t\t","protected":false},"excerpt":{"rendered":"<p>W3+ Fair newsletter<\/p>\n","protected":false},"author":1,"featured_media":0,"parent":0,"menu_order":24,"comment_status":"closed","ping_status":"closed","template":"elementor_header_footer","meta":{"_acf_changed":false,"footnotes":""},"class_list":["post-12106","page","type-page","status-publish","hentry"],"acf":[],"_links":{"self":[{"href":"https:\/\/w3-fair.com\/en\/wp-json\/wp\/v2\/pages\/12106","targetHints":{"allow":["GET"]}}],"collection":[{"href":"https:\/\/w3-fair.com\/en\/wp-json\/wp\/v2\/pages"}],"about":[{"href":"https:\/\/w3-fair.com\/en\/wp-json\/wp\/v2\/types\/page"}],"author":[{"embeddable":true,"href":"https:\/\/w3-fair.com\/en\/wp-json\/wp\/v2\/users\/1"}],"replies":[{"embeddable":true,"href":"https:\/\/w3-fair.com\/en\/wp-json\/wp\/v2\/comments?post=12106"}],"version-history":[{"count":4,"href":"https:\/\/w3-fair.com\/en\/wp-json\/wp\/v2\/pages\/12106\/revisions"}],"predecessor-version":[{"id":54698,"href":"https:\/\/w3-fair.com\/en\/wp-json\/wp\/v2\/pages\/12106\/revisions\/54698"}],"wp:attachment":[{"href":"https:\/\/w3-fair.com\/en\/wp-json\/wp\/v2\/media?parent=12106"}],"curies":[{"name":"wp","href":"https:\/\/api.w.org\/{rel}","templated":true}]}}