{"id":12095,"date":"2021-04-30T05:06:15","date_gmt":"2021-04-30T05:06:15","guid":{"rendered":"https:\/\/w3-messe-wpml.npm13.net\/imprint\/"},"modified":"2026-03-27T12:01:12","modified_gmt":"2026-03-27T12:01:12","slug":"imprint","status":"publish","type":"page","link":"https:\/\/w3-fair.com\/en\/imprint\/","title":{"rendered":"Imprint"},"content":{"rendered":"\t\t<div data-elementor-type=\"wp-page\" data-elementor-id=\"12095\" class=\"elementor elementor-12095 elementor-478\" data-elementor-post-type=\"page\">\n\t\t\t\t<div class=\"elementor-element elementor-element-49cbdb4 e-flex e-con-boxed e-con e-parent\" data-id=\"49cbdb4\" data-element_type=\"container\" data-e-type=\"container\">\n\t\t\t\t\t<div class=\"e-con-inner\">\n\t\t<div class=\"elementor-element elementor-element-cc0aaf0 e-con-full e-flex e-con e-child\" data-id=\"cc0aaf0\" data-element_type=\"container\" data-e-type=\"container\">\n\t\t\t\t<div class=\"elementor-element elementor-element-7e5dbec elementor-widget elementor-widget-heading\" data-id=\"7e5dbec\" data-element_type=\"widget\" data-e-type=\"widget\" data-widget_type=\"heading.default\">\n\t\t\t\t<div class=\"elementor-widget-container\">\n\t\t\t\t\t<h1 class=\"elementor-heading-title elementor-size-default\">Imprint<\/h1>\t\t\t\t<\/div>\n\t\t\t\t<\/div>\n\t\t\t\t<div class=\"elementor-element elementor-element-3513c0b elementor-widget elementor-widget-text-editor\" data-id=\"3513c0b\" data-element_type=\"widget\" data-e-type=\"widget\" data-widget_type=\"text-editor.default\">\n\t\t\t\t<div class=\"elementor-widget-container\">\n\t\t\t\t\t\t\t\t\t<p>www.w3-fair.com is offered by:<\/p>\n<p>Information according to \u00a7 5 TMG:<br \/>W3 Fair GmbH<br \/>Zirkusweg 1<br \/>20359 Hamburg<\/p>\n<p>Represented by:<br \/>Christoph R\u00e9nevier, J\u00f6rg Br\u00fcck<\/p>\n<p>Contact:<br \/>Telefon: 040 \u2013 66 906 900<br \/>Telefax: 040 \u2013 66 906 800<br \/>E-Mail: info@fleet-events.de<\/p>\n<p>Register entry:<br \/>Entry in the commercial register<br \/>Register court: Local court Hamburg<br \/>Register number: HRB 194883<\/p>\n<p>Value added tax:<br \/>Sales tax identification number according to \u00a727 a sales tax law:<br \/>DE459775671<\/p>\n<p>Dispute Settlement:<br \/>The European Commission provides a platform for online dispute resolution (OS):<br \/>https:\/\/ec.europa.eu\/consumers\/odr You can find our e-mail address in the imprint above.<\/p>\n<p>We are not willing or obliged to participate in dispute resolution proceedings before a consumer redress body.<\/p>\n<p>Legal information::<br \/>Texts, pictures, graphics, sound, animations and videos, as well as their layout are subject to the copyright of W3 Fair GmbH or third parties and other protective laws. The content of these online offers may not be copied, distributed, changed or made accessible to third parties for commercial purposes. The unauthorised use, reproduction or passing on of individual contents or complete pages will be prosecuted under both criminal and civil law.<\/p>\n<p>These online offers have been compiled with the greatest possible care. Nevertheless, no guarantee can be given for the correctness and accuracy of the information contained. Any liability for damages arising directly or indirectly from the use of these online offers is excluded, unless they are based on intent or gross negligence.<\/p>\n\t\t\t\t\t\t\t\t<\/div>\n\t\t\t\t<\/div>\n\t\t\t\t<\/div>\n\t\t\t\t\t<\/div>\n\t\t\t\t<\/div>\n\t\t\t\t<\/div>\n\t\t","protected":false},"excerpt":{"rendered":"<p>Imprint www.w3-fair.com is offered by: Information according to \u00a7 5 TMG:W3 Fair GmbHZirkusweg 120359 Hamburg Represented by:Christoph R\u00e9nevier, J\u00f6rg Br\u00fcck Contact:Telefon: 040 \u2013 66 906 900Telefax: 040 \u2013 66 906 800E-Mail: info@fleet-events.de Register entry:Entry in the commercial registerRegister court: Local court HamburgRegister number: HRB 194883 Value added tax:Sales tax identification number according to \u00a727 a [&hellip;]<\/p>\n","protected":false},"author":1,"featured_media":0,"parent":0,"menu_order":20,"comment_status":"closed","ping_status":"closed","template":"elementor_header_footer","meta":{"_acf_changed":false,"footnotes":""},"class_list":["post-12095","page","type-page","status-publish","hentry"],"acf":[],"_links":{"self":[{"href":"https:\/\/w3-fair.com\/en\/wp-json\/wp\/v2\/pages\/12095","targetHints":{"allow":["GET"]}}],"collection":[{"href":"https:\/\/w3-fair.com\/en\/wp-json\/wp\/v2\/pages"}],"about":[{"href":"https:\/\/w3-fair.com\/en\/wp-json\/wp\/v2\/types\/page"}],"author":[{"embeddable":true,"href":"https:\/\/w3-fair.com\/en\/wp-json\/wp\/v2\/users\/1"}],"replies":[{"embeddable":true,"href":"https:\/\/w3-fair.com\/en\/wp-json\/wp\/v2\/comments?post=12095"}],"version-history":[{"count":8,"href":"https:\/\/w3-fair.com\/en\/wp-json\/wp\/v2\/pages\/12095\/revisions"}],"predecessor-version":[{"id":60253,"href":"https:\/\/w3-fair.com\/en\/wp-json\/wp\/v2\/pages\/12095\/revisions\/60253"}],"wp:attachment":[{"href":"https:\/\/w3-fair.com\/en\/wp-json\/wp\/v2\/media?parent=12095"}],"curies":[{"name":"wp","href":"https:\/\/api.w.org\/{rel}","templated":true}]}}